{"id":371,"date":"2023-07-24T15:54:13","date_gmt":"2023-07-24T15:54:13","guid":{"rendered":"https:\/\/reiten-mit-koepfchen.de\/staging\/?page_id=371"},"modified":"2024-02-08T16:14:49","modified_gmt":"2024-02-08T16:14:49","slug":"leistungsspektrum","status":"publish","type":"page","link":"https:\/\/reiten-mit-koepfchen.de\/?page_id=371","title":{"rendered":"Leistungsspektrum"},"content":{"rendered":"\t\t<div data-elementor-type=\"wp-page\" data-elementor-id=\"371\" class=\"elementor elementor-371\">\n\t\t\t\t\t\t<header class=\"elementor-section elementor-top-section elementor-element elementor-element-13bbfffc elementor-section-full_width elementor-section-stretched elementor-hidden-tablet elementor-hidden-mobile elementor-section-height-default elementor-section-height-default\" data-id=\"13bbfffc\" data-element_type=\"section\" data-e-type=\"section\" data-settings=\"{&quot;stretch_section&quot;:&quot;section-stretched&quot;,&quot;background_background&quot;:&quot;classic&quot;}\">\n\t\t\t\t\t\t<div class=\"elementor-container elementor-column-gap-no\">\n\t\t\t\t\t<div class=\"elementor-column elementor-col-100 elementor-top-column elementor-element elementor-element-78f5b306\" data-id=\"78f5b306\" data-element_type=\"column\" data-e-type=\"column\">\n\t\t\t<div class=\"elementor-widget-wrap elementor-element-populated\">\n\t\t\t\t\t\t<div class=\"elementor-element elementor-element-344059b6 elementor-widget elementor-widget-image\" data-id=\"344059b6\" data-element_type=\"widget\" data-e-type=\"widget\" data-widget_type=\"image.default\">\n\t\t\t\t<div class=\"elementor-widget-container\">\n\t\t\t\t\t\t\t\t\t\t\t\t\t\t\t<img decoding=\"async\" width=\"768\" height=\"1\" src=\"https:\/\/reiten-mit-koepfchen.de\/wp-content\/uploads\/2023\/07\/logo-ementhaler-1.svg\" class=\"attachment-medium_large size-medium_large wp-image-243\" alt=\"\" \/>\t\t\t\t\t\t\t\t\t\t\t\t\t\t\t<\/div>\n\t\t\t\t<\/div>\n\t\t\t\t\t<\/div>\n\t\t<\/div>\n\t\t\t\t\t<\/div>\n\t\t<\/header>\n\t\t\t\t<section class=\"elementor-section elementor-top-section elementor-element elementor-element-5931d0f elementor-section-boxed elementor-section-height-default elementor-section-height-default\" data-id=\"5931d0f\" data-element_type=\"section\" data-e-type=\"section\">\n\t\t\t\t\t\t<div class=\"elementor-container elementor-column-gap-default\">\n\t\t\t\t\t<div class=\"elementor-column elementor-col-100 elementor-top-column elementor-element elementor-element-59ecae8\" data-id=\"59ecae8\" data-element_type=\"column\" data-e-type=\"column\">\n\t\t\t<div class=\"elementor-widget-wrap elementor-element-populated\">\n\t\t\t\t\t\t<div class=\"elementor-element elementor-element-89d73c0 elementor-widget elementor-widget-heading\" data-id=\"89d73c0\" data-element_type=\"widget\" data-e-type=\"widget\" data-widget_type=\"heading.default\">\n\t\t\t\t<div class=\"elementor-widget-container\">\n\t\t\t\t\t<h1 class=\"elementor-heading-title elementor-size-default\">Leistungsspektrum<\/h1>\t\t\t\t<\/div>\n\t\t\t\t<\/div>\n\t\t\t\t\t<\/div>\n\t\t<\/div>\n\t\t\t\t\t<\/div>\n\t\t<\/section>\n\t\t\t\t<section class=\"elementor-section elementor-top-section elementor-element elementor-element-c37fa54 elementor-section-boxed elementor-section-height-default elementor-section-height-default\" data-id=\"c37fa54\" data-element_type=\"section\" data-e-type=\"section\" data-settings=\"{&quot;background_background&quot;:&quot;classic&quot;}\">\n\t\t\t\t\t\t<div class=\"elementor-container elementor-column-gap-default\">\n\t\t\t\t\t<div class=\"elementor-column elementor-col-33 elementor-top-column elementor-element elementor-element-ccb4d30\" data-id=\"ccb4d30\" data-element_type=\"column\" data-e-type=\"column\" data-settings=\"{&quot;background_background&quot;:&quot;classic&quot;}\">\n\t\t\t<div class=\"elementor-widget-wrap elementor-element-populated\">\n\t\t\t\t\t\t<div class=\"elementor-element elementor-element-d0e61d1 elementor-widget elementor-widget-image\" data-id=\"d0e61d1\" data-element_type=\"widget\" data-e-type=\"widget\" data-widget_type=\"image.default\">\n\t\t\t\t<div class=\"elementor-widget-container\">\n\t\t\t\t\t\t\t\t\t\t\t\t\t\t\t<img fetchpriority=\"high\" decoding=\"async\" width=\"1024\" height=\"682\" src=\"https:\/\/reiten-mit-koepfchen.de\/wp-content\/uploads\/2024\/01\/AdobeStock_188253631-1024x682.jpeg\" class=\"attachment-large size-large wp-image-1293\" alt=\"\" srcset=\"https:\/\/reiten-mit-koepfchen.de\/wp-content\/uploads\/2024\/01\/AdobeStock_188253631-1024x682.jpeg 1024w, https:\/\/reiten-mit-koepfchen.de\/wp-content\/uploads\/2024\/01\/AdobeStock_188253631-300x200.jpeg 300w, https:\/\/reiten-mit-koepfchen.de\/wp-content\/uploads\/2024\/01\/AdobeStock_188253631-768x512.jpeg 768w, https:\/\/reiten-mit-koepfchen.de\/wp-content\/uploads\/2024\/01\/AdobeStock_188253631-1536x1024.jpeg 1536w, https:\/\/reiten-mit-koepfchen.de\/wp-content\/uploads\/2024\/01\/AdobeStock_188253631-2048x1365.jpeg 2048w, https:\/\/reiten-mit-koepfchen.de\/wp-content\/uploads\/2024\/01\/AdobeStock_188253631-1000x666.jpeg 1000w, https:\/\/reiten-mit-koepfchen.de\/wp-content\/uploads\/2024\/01\/AdobeStock_188253631-230x153.jpeg 230w, https:\/\/reiten-mit-koepfchen.de\/wp-content\/uploads\/2024\/01\/AdobeStock_188253631-350x233.jpeg 350w, https:\/\/reiten-mit-koepfchen.de\/wp-content\/uploads\/2024\/01\/AdobeStock_188253631-480x320.jpeg 480w\" sizes=\"(max-width: 1024px) 100vw, 1024px\" \/>\t\t\t\t\t\t\t\t\t\t\t\t\t\t\t<\/div>\n\t\t\t\t<\/div>\n\t\t\t\t\t<\/div>\n\t\t<\/div>\n\t\t\t\t<div class=\"elementor-column elementor-col-66 elementor-top-column elementor-element elementor-element-23bffa8\" data-id=\"23bffa8\" data-element_type=\"column\" data-e-type=\"column\" data-settings=\"{&quot;background_background&quot;:&quot;classic&quot;}\">\n\t\t\t<div class=\"elementor-widget-wrap elementor-element-populated\">\n\t\t\t\t\t\t<div class=\"elementor-element elementor-element-c87bf1a elementor-widget elementor-widget-text-editor\" data-id=\"c87bf1a\" data-element_type=\"widget\" data-e-type=\"widget\" data-widget_type=\"text-editor.default\">\n\t\t\t\t<div class=\"elementor-widget-container\">\n\t\t\t\t\t\t\t\t\t<p>Sie m\u00f6chten sich Trainingsziele setzen oder suchen eine Probleml\u00f6sung?<\/p><p>Sie haben das Gef\u00fchl in ihrer reiterlichen Entwicklung, auf der Stelle zu treten oder gar falsch abgebogen zu sein?<\/p><p>Sie w\u00fcnschen sich neue Impulse f\u00fcr die gemeinsame Zeit mit ihrem Pferd?<\/p><p>W\u00e4hlen sie aus meinem Leistungsspektrum die Bereiche, in denen sie meine Unterst\u00fctzung w\u00fcnschen.<\/p><p>Melden sie sich, damit wir uns austauschen und die weiteren Schritte planen k\u00f6nnen.<\/p>\t\t\t\t\t\t\t\t<\/div>\n\t\t\t\t<\/div>\n\t\t\t\t\t<\/div>\n\t\t<\/div>\n\t\t\t\t\t<\/div>\n\t\t<\/section>\n\t\t\t\t<\/div>\n\t\t","protected":false},"excerpt":{"rendered":"<p>Leistungsspektrum Sie m\u00f6chten sich Trainingsziele setzen oder suchen eine Probleml\u00f6sung? Sie haben das Gef\u00fchl in ihrer reiterlichen Entwicklung, auf der Stelle zu [&hellip;]<\/p>\n","protected":false},"author":1,"featured_media":0,"parent":101,"menu_order":2,"comment_status":"closed","ping_status":"closed","template":"elementor_header_footer","meta":{"inline_featured_image":false,"footnotes":""},"class_list":["post-371","page","type-page","status-publish","hentry"],"yoast_head":"<!-- This site is optimized with the Yoast SEO plugin v27.2 - https:\/\/yoast.com\/product\/yoast-seo-wordpress\/ -->\n<title>Leistungsspektrum - Impulse f\u00fcr besseres Reiten<\/title>\n<meta name=\"robots\" content=\"index, follow, max-snippet:-1, max-image-preview:large, max-video-preview:-1\" \/>\n<link rel=\"canonical\" href=\"https:\/\/reiten-mit-koepfchen.de\/?page_id=371\" \/>\n<meta property=\"og:locale\" content=\"de_DE\" \/>\n<meta property=\"og:type\" content=\"article\" \/>\n<meta property=\"og:title\" content=\"Leistungsspektrum - Impulse f\u00fcr besseres Reiten\" \/>\n<meta property=\"og:description\" content=\"Leistungsspektrum Sie m\u00f6chten sich Trainingsziele setzen oder suchen eine Probleml\u00f6sung? Sie haben das Gef\u00fchl in ihrer reiterlichen Entwicklung, auf der Stelle zu [&hellip;]\" \/>\n<meta property=\"og:url\" content=\"https:\/\/reiten-mit-koepfchen.de\/?page_id=371\" \/>\n<meta property=\"og:site_name\" content=\"Impulse f\u00fcr besseres Reiten\" \/>\n<meta property=\"article:modified_time\" content=\"2024-02-08T16:14:49+00:00\" \/>\n<meta property=\"og:image\" content=\"https:\/\/reiten-mit-koepfchen.de\/staging\/wp-content\/uploads\/2023\/07\/logo-ementhaler-1.svg\" \/>\n<meta name=\"twitter:card\" content=\"summary_large_image\" \/>\n<meta name=\"twitter:label1\" content=\"Gesch\u00e4tzte Lesezeit\" \/>\n\t<meta name=\"twitter:data1\" content=\"1\u00a0Minute\" \/>\n<script type=\"application\/ld+json\" class=\"yoast-schema-graph\">{\"@context\":\"https:\/\/schema.org\",\"@graph\":[{\"@type\":\"WebPage\",\"@id\":\"https:\/\/reiten-mit-koepfchen.de\/?page_id=371\",\"url\":\"https:\/\/reiten-mit-koepfchen.de\/?page_id=371\",\"name\":\"Leistungsspektrum - Impulse f\u00fcr besseres Reiten\",\"isPartOf\":{\"@id\":\"https:\/\/reiten-mit-koepfchen.de\/#website\"},\"primaryImageOfPage\":{\"@id\":\"https:\/\/reiten-mit-koepfchen.de\/?page_id=371#primaryimage\"},\"image\":{\"@id\":\"https:\/\/reiten-mit-koepfchen.de\/?page_id=371#primaryimage\"},\"thumbnailUrl\":\"https:\/\/reiten-mit-koepfchen.de\/staging\/wp-content\/uploads\/2023\/07\/logo-ementhaler-1.svg\",\"datePublished\":\"2023-07-24T15:54:13+00:00\",\"dateModified\":\"2024-02-08T16:14:49+00:00\",\"breadcrumb\":{\"@id\":\"https:\/\/reiten-mit-koepfchen.de\/?page_id=371#breadcrumb\"},\"inLanguage\":\"de\",\"potentialAction\":[{\"@type\":\"ReadAction\",\"target\":[\"https:\/\/reiten-mit-koepfchen.de\/?page_id=371\"]}]},{\"@type\":\"ImageObject\",\"inLanguage\":\"de\",\"@id\":\"https:\/\/reiten-mit-koepfchen.de\/?page_id=371#primaryimage\",\"url\":\"https:\/\/reiten-mit-koepfchen.de\/wp-content\/uploads\/2023\/07\/logo-ementhaler-1.svg\",\"contentUrl\":\"https:\/\/reiten-mit-koepfchen.de\/wp-content\/uploads\/2023\/07\/logo-ementhaler-1.svg\",\"width\":1000,\"height\":486},{\"@type\":\"BreadcrumbList\",\"@id\":\"https:\/\/reiten-mit-koepfchen.de\/?page_id=371#breadcrumb\",\"itemListElement\":[{\"@type\":\"ListItem\",\"position\":1,\"name\":\"Home\",\"item\":\"https:\/\/reiten-mit-koepfchen.de\/\"},{\"@type\":\"ListItem\",\"position\":2,\"name\":\"Zur Person\",\"item\":\"https:\/\/reiten-mit-koepfchen.de\/?page_id=101\"},{\"@type\":\"ListItem\",\"position\":3,\"name\":\"Leistungsspektrum\"}]},{\"@type\":\"WebSite\",\"@id\":\"https:\/\/reiten-mit-koepfchen.de\/#website\",\"url\":\"https:\/\/reiten-mit-koepfchen.de\/\",\"name\":\"Impulse f\u00fcr besseres Reiten\",\"description\":\"\",\"publisher\":{\"@id\":\"https:\/\/reiten-mit-koepfchen.de\/#organization\"},\"potentialAction\":[{\"@type\":\"SearchAction\",\"target\":{\"@type\":\"EntryPoint\",\"urlTemplate\":\"https:\/\/reiten-mit-koepfchen.de\/?s={search_term_string}\"},\"query-input\":{\"@type\":\"PropertyValueSpecification\",\"valueRequired\":true,\"valueName\":\"search_term_string\"}}],\"inLanguage\":\"de\"},{\"@type\":\"Organization\",\"@id\":\"https:\/\/reiten-mit-koepfchen.de\/#organization\",\"name\":\"Impulse f\u00fcr besseres Reiten\",\"url\":\"https:\/\/reiten-mit-koepfchen.de\/\",\"logo\":{\"@type\":\"ImageObject\",\"inLanguage\":\"de\",\"@id\":\"https:\/\/reiten-mit-koepfchen.de\/#\/schema\/logo\/image\/\",\"url\":\"https:\/\/reiten-mit-koepfchen.de\/wp-content\/uploads\/2024\/02\/logo-reiten_final_trans3.png\",\"contentUrl\":\"https:\/\/reiten-mit-koepfchen.de\/wp-content\/uploads\/2024\/02\/logo-reiten_final_trans3.png\",\"width\":1000,\"height\":484,\"caption\":\"Impulse f\u00fcr besseres Reiten\"},\"image\":{\"@id\":\"https:\/\/reiten-mit-koepfchen.de\/#\/schema\/logo\/image\/\"}}]}<\/script>\n<!-- \/ Yoast SEO plugin. -->","yoast_head_json":{"title":"Leistungsspektrum - Impulse f\u00fcr besseres Reiten","robots":{"index":"index","follow":"follow","max-snippet":"max-snippet:-1","max-image-preview":"max-image-preview:large","max-video-preview":"max-video-preview:-1"},"canonical":"https:\/\/reiten-mit-koepfchen.de\/?page_id=371","og_locale":"de_DE","og_type":"article","og_title":"Leistungsspektrum - Impulse f\u00fcr besseres Reiten","og_description":"Leistungsspektrum Sie m\u00f6chten sich Trainingsziele setzen oder suchen eine Probleml\u00f6sung? Sie haben das Gef\u00fchl in ihrer reiterlichen Entwicklung, auf der Stelle zu [&hellip;]","og_url":"https:\/\/reiten-mit-koepfchen.de\/?page_id=371","og_site_name":"Impulse f\u00fcr besseres Reiten","article_modified_time":"2024-02-08T16:14:49+00:00","og_image":[{"url":"https:\/\/reiten-mit-koepfchen.de\/staging\/wp-content\/uploads\/2023\/07\/logo-ementhaler-1.svg","type":"","width":"","height":""}],"twitter_card":"summary_large_image","twitter_misc":{"Gesch\u00e4tzte Lesezeit":"1\u00a0Minute"},"schema":{"@context":"https:\/\/schema.org","@graph":[{"@type":"WebPage","@id":"https:\/\/reiten-mit-koepfchen.de\/?page_id=371","url":"https:\/\/reiten-mit-koepfchen.de\/?page_id=371","name":"Leistungsspektrum - Impulse f\u00fcr besseres Reiten","isPartOf":{"@id":"https:\/\/reiten-mit-koepfchen.de\/#website"},"primaryImageOfPage":{"@id":"https:\/\/reiten-mit-koepfchen.de\/?page_id=371#primaryimage"},"image":{"@id":"https:\/\/reiten-mit-koepfchen.de\/?page_id=371#primaryimage"},"thumbnailUrl":"https:\/\/reiten-mit-koepfchen.de\/staging\/wp-content\/uploads\/2023\/07\/logo-ementhaler-1.svg","datePublished":"2023-07-24T15:54:13+00:00","dateModified":"2024-02-08T16:14:49+00:00","breadcrumb":{"@id":"https:\/\/reiten-mit-koepfchen.de\/?page_id=371#breadcrumb"},"inLanguage":"de","potentialAction":[{"@type":"ReadAction","target":["https:\/\/reiten-mit-koepfchen.de\/?page_id=371"]}]},{"@type":"ImageObject","inLanguage":"de","@id":"https:\/\/reiten-mit-koepfchen.de\/?page_id=371#primaryimage","url":"https:\/\/reiten-mit-koepfchen.de\/wp-content\/uploads\/2023\/07\/logo-ementhaler-1.svg","contentUrl":"https:\/\/reiten-mit-koepfchen.de\/wp-content\/uploads\/2023\/07\/logo-ementhaler-1.svg","width":1000,"height":486},{"@type":"BreadcrumbList","@id":"https:\/\/reiten-mit-koepfchen.de\/?page_id=371#breadcrumb","itemListElement":[{"@type":"ListItem","position":1,"name":"Home","item":"https:\/\/reiten-mit-koepfchen.de\/"},{"@type":"ListItem","position":2,"name":"Zur Person","item":"https:\/\/reiten-mit-koepfchen.de\/?page_id=101"},{"@type":"ListItem","position":3,"name":"Leistungsspektrum"}]},{"@type":"WebSite","@id":"https:\/\/reiten-mit-koepfchen.de\/#website","url":"https:\/\/reiten-mit-koepfchen.de\/","name":"Impulse f\u00fcr besseres Reiten","description":"","publisher":{"@id":"https:\/\/reiten-mit-koepfchen.de\/#organization"},"potentialAction":[{"@type":"SearchAction","target":{"@type":"EntryPoint","urlTemplate":"https:\/\/reiten-mit-koepfchen.de\/?s={search_term_string}"},"query-input":{"@type":"PropertyValueSpecification","valueRequired":true,"valueName":"search_term_string"}}],"inLanguage":"de"},{"@type":"Organization","@id":"https:\/\/reiten-mit-koepfchen.de\/#organization","name":"Impulse f\u00fcr besseres Reiten","url":"https:\/\/reiten-mit-koepfchen.de\/","logo":{"@type":"ImageObject","inLanguage":"de","@id":"https:\/\/reiten-mit-koepfchen.de\/#\/schema\/logo\/image\/","url":"https:\/\/reiten-mit-koepfchen.de\/wp-content\/uploads\/2024\/02\/logo-reiten_final_trans3.png","contentUrl":"https:\/\/reiten-mit-koepfchen.de\/wp-content\/uploads\/2024\/02\/logo-reiten_final_trans3.png","width":1000,"height":484,"caption":"Impulse f\u00fcr besseres Reiten"},"image":{"@id":"https:\/\/reiten-mit-koepfchen.de\/#\/schema\/logo\/image\/"}}]}},"jetpack_sharing_enabled":true,"_links":{"self":[{"href":"https:\/\/reiten-mit-koepfchen.de\/index.php?rest_route=\/wp\/v2\/pages\/371","targetHints":{"allow":["GET"]}}],"collection":[{"href":"https:\/\/reiten-mit-koepfchen.de\/index.php?rest_route=\/wp\/v2\/pages"}],"about":[{"href":"https:\/\/reiten-mit-koepfchen.de\/index.php?rest_route=\/wp\/v2\/types\/page"}],"author":[{"embeddable":true,"href":"https:\/\/reiten-mit-koepfchen.de\/index.php?rest_route=\/wp\/v2\/users\/1"}],"replies":[{"embeddable":true,"href":"https:\/\/reiten-mit-koepfchen.de\/index.php?rest_route=%2Fwp%2Fv2%2Fcomments&post=371"}],"version-history":[{"count":23,"href":"https:\/\/reiten-mit-koepfchen.de\/index.php?rest_route=\/wp\/v2\/pages\/371\/revisions"}],"predecessor-version":[{"id":2131,"href":"https:\/\/reiten-mit-koepfchen.de\/index.php?rest_route=\/wp\/v2\/pages\/371\/revisions\/2131"}],"up":[{"embeddable":true,"href":"https:\/\/reiten-mit-koepfchen.de\/index.php?rest_route=\/wp\/v2\/pages\/101"}],"wp:attachment":[{"href":"https:\/\/reiten-mit-koepfchen.de\/index.php?rest_route=%2Fwp%2Fv2%2Fmedia&parent=371"}],"curies":[{"name":"wp","href":"https:\/\/api.w.org\/{rel}","templated":true}]}}