{"id":387,"date":"2023-07-24T16:02:00","date_gmt":"2023-07-24T16:02:00","guid":{"rendered":"https:\/\/reiten-mit-koepfchen.de\/staging\/?page_id=387"},"modified":"2024-02-08T16:48:04","modified_gmt":"2024-02-08T16:48:04","slug":"longieren","status":"publish","type":"page","link":"https:\/\/reiten-mit-koepfchen.de\/?page_id=387","title":{"rendered":"Longieren"},"content":{"rendered":"\t\t<div data-elementor-type=\"wp-page\" data-elementor-id=\"387\" class=\"elementor elementor-387\">\n\t\t\t\t\t\t<header class=\"elementor-section elementor-top-section elementor-element elementor-element-730263f6 elementor-section-full_width elementor-section-stretched elementor-hidden-tablet elementor-hidden-mobile elementor-section-height-default elementor-section-height-default\" data-id=\"730263f6\" data-element_type=\"section\" data-e-type=\"section\" data-settings=\"{&quot;stretch_section&quot;:&quot;section-stretched&quot;,&quot;background_background&quot;:&quot;classic&quot;}\">\n\t\t\t\t\t\t<div class=\"elementor-container elementor-column-gap-no\">\n\t\t\t\t\t<div class=\"elementor-column elementor-col-100 elementor-top-column elementor-element elementor-element-7194ba30\" data-id=\"7194ba30\" data-element_type=\"column\" data-e-type=\"column\">\n\t\t\t<div class=\"elementor-widget-wrap elementor-element-populated\">\n\t\t\t\t\t\t<div class=\"elementor-element elementor-element-79ca4803 elementor-widget elementor-widget-image\" data-id=\"79ca4803\" data-element_type=\"widget\" data-e-type=\"widget\" data-widget_type=\"image.default\">\n\t\t\t\t<div class=\"elementor-widget-container\">\n\t\t\t\t\t\t\t\t\t\t\t\t\t\t\t<img decoding=\"async\" width=\"768\" height=\"1\" src=\"https:\/\/reiten-mit-koepfchen.de\/wp-content\/uploads\/2023\/07\/logo-ementhaler-1.svg\" class=\"attachment-medium_large size-medium_large wp-image-243\" alt=\"\" \/>\t\t\t\t\t\t\t\t\t\t\t\t\t\t\t<\/div>\n\t\t\t\t<\/div>\n\t\t\t\t\t<\/div>\n\t\t<\/div>\n\t\t\t\t\t<\/div>\n\t\t<\/header>\n\t\t\t\t<section class=\"elementor-section elementor-top-section elementor-element elementor-element-5931d0f elementor-section-boxed elementor-section-height-default elementor-section-height-default\" data-id=\"5931d0f\" data-element_type=\"section\" data-e-type=\"section\">\n\t\t\t\t\t\t<div class=\"elementor-container elementor-column-gap-default\">\n\t\t\t\t\t<div class=\"elementor-column elementor-col-100 elementor-top-column elementor-element elementor-element-59ecae8\" data-id=\"59ecae8\" data-element_type=\"column\" data-e-type=\"column\">\n\t\t\t<div class=\"elementor-widget-wrap elementor-element-populated\">\n\t\t\t\t\t\t<div class=\"elementor-element elementor-element-89d73c0 elementor-widget elementor-widget-heading\" data-id=\"89d73c0\" data-element_type=\"widget\" data-e-type=\"widget\" data-widget_type=\"heading.default\">\n\t\t\t\t<div class=\"elementor-widget-container\">\n\t\t\t\t\t<h1 class=\"elementor-heading-title elementor-size-default\">Longieren<\/h1>\t\t\t\t<\/div>\n\t\t\t\t<\/div>\n\t\t\t\t\t<\/div>\n\t\t<\/div>\n\t\t\t\t\t<\/div>\n\t\t<\/section>\n\t\t\t\t<section class=\"elementor-section elementor-top-section elementor-element elementor-element-ef44587 elementor-section-boxed elementor-section-height-default elementor-section-height-default\" data-id=\"ef44587\" data-element_type=\"section\" data-e-type=\"section\">\n\t\t\t\t\t\t<div class=\"elementor-container elementor-column-gap-default\">\n\t\t\t\t\t<div class=\"elementor-column elementor-col-33 elementor-top-column elementor-element elementor-element-b951889\" data-id=\"b951889\" data-element_type=\"column\" data-e-type=\"column\" data-settings=\"{&quot;background_background&quot;:&quot;classic&quot;}\">\n\t\t\t<div class=\"elementor-widget-wrap elementor-element-populated\">\n\t\t\t\t\t\t<div class=\"elementor-element elementor-element-b83a8c2 elementor-widget elementor-widget-image\" data-id=\"b83a8c2\" data-element_type=\"widget\" data-e-type=\"widget\" data-widget_type=\"image.default\">\n\t\t\t\t<div class=\"elementor-widget-container\">\n\t\t\t\t\t\t\t\t\t\t\t\t\t\t\t<img fetchpriority=\"high\" decoding=\"async\" width=\"1024\" height=\"682\" src=\"https:\/\/reiten-mit-koepfchen.de\/wp-content\/uploads\/2024\/01\/AdobeStock_188253631-1024x682.jpeg\" class=\"attachment-large size-large wp-image-1293\" alt=\"\" srcset=\"https:\/\/reiten-mit-koepfchen.de\/wp-content\/uploads\/2024\/01\/AdobeStock_188253631-1024x682.jpeg 1024w, https:\/\/reiten-mit-koepfchen.de\/wp-content\/uploads\/2024\/01\/AdobeStock_188253631-300x200.jpeg 300w, https:\/\/reiten-mit-koepfchen.de\/wp-content\/uploads\/2024\/01\/AdobeStock_188253631-768x512.jpeg 768w, https:\/\/reiten-mit-koepfchen.de\/wp-content\/uploads\/2024\/01\/AdobeStock_188253631-1536x1024.jpeg 1536w, https:\/\/reiten-mit-koepfchen.de\/wp-content\/uploads\/2024\/01\/AdobeStock_188253631-2048x1365.jpeg 2048w, https:\/\/reiten-mit-koepfchen.de\/wp-content\/uploads\/2024\/01\/AdobeStock_188253631-1000x666.jpeg 1000w, https:\/\/reiten-mit-koepfchen.de\/wp-content\/uploads\/2024\/01\/AdobeStock_188253631-230x153.jpeg 230w, https:\/\/reiten-mit-koepfchen.de\/wp-content\/uploads\/2024\/01\/AdobeStock_188253631-350x233.jpeg 350w, https:\/\/reiten-mit-koepfchen.de\/wp-content\/uploads\/2024\/01\/AdobeStock_188253631-480x320.jpeg 480w\" sizes=\"(max-width: 1024px) 100vw, 1024px\" \/>\t\t\t\t\t\t\t\t\t\t\t\t\t\t\t<\/div>\n\t\t\t\t<\/div>\n\t\t\t\t\t<\/div>\n\t\t<\/div>\n\t\t\t\t<div class=\"elementor-column elementor-col-66 elementor-top-column elementor-element elementor-element-046b3e9\" data-id=\"046b3e9\" data-element_type=\"column\" data-e-type=\"column\" data-settings=\"{&quot;background_background&quot;:&quot;classic&quot;}\">\n\t\t\t<div class=\"elementor-widget-wrap elementor-element-populated\">\n\t\t\t\t\t\t<div class=\"elementor-element elementor-element-1a1635e elementor-widget elementor-widget-text-editor\" data-id=\"1a1635e\" data-element_type=\"widget\" data-e-type=\"widget\" data-widget_type=\"text-editor.default\">\n\t\t\t\t<div class=\"elementor-widget-container\">\n\t\t\t\t\t\t\t\t\t<p>Die Grundtechniken des Longierens sollte jeder Reiter beherrschen, sowie die Wirkungsweise unterschiedlichster Ausr\u00fcstung.<\/p><p>Die Kommunikation mit dem Pferd vom Boden oder auch die Trainingsm\u00f6glichkeit im Krankheitsfall sollten nicht untersch\u00e4tzt werden.<\/p><p>Wer tiefer einsteigen m\u00f6chte, erlernt bei mir den Umgang und die M\u00f6glichkeiten mit der Doppellonge.<\/p><p>Selbstverst\u00e4ndlich f\u00fchre ich ihr Pferd auch pers\u00f6nlich an die Longenarbeit heran.<\/p><p>&gt; Bodenricks\/stangen\u00a0 &gt; Losgelassenheit\u00a0 &gt; Versammelnde Arbeit\u00a0\u00a0 uvm.<\/p>\t\t\t\t\t\t\t\t<\/div>\n\t\t\t\t<\/div>\n\t\t\t\t\t<\/div>\n\t\t<\/div>\n\t\t\t\t\t<\/div>\n\t\t<\/section>\n\t\t\t\t<\/div>\n\t\t","protected":false},"excerpt":{"rendered":"<p>Longieren Die Grundtechniken des Longierens sollte jeder Reiter beherrschen, sowie die Wirkungsweise unterschiedlichster Ausr\u00fcstung. Die Kommunikation mit dem Pferd vom Boden oder [&hellip;]<\/p>\n","protected":false},"author":1,"featured_media":0,"parent":371,"menu_order":2,"comment_status":"closed","ping_status":"closed","template":"elementor_header_footer","meta":{"inline_featured_image":false,"footnotes":""},"class_list":["post-387","page","type-page","status-publish","hentry"],"yoast_head":"<!-- This site is optimized with the Yoast SEO plugin v27.2 - https:\/\/yoast.com\/product\/yoast-seo-wordpress\/ -->\n<title>Longieren - Impulse f\u00fcr besseres Reiten<\/title>\n<meta name=\"robots\" content=\"index, follow, max-snippet:-1, max-image-preview:large, max-video-preview:-1\" \/>\n<link rel=\"canonical\" href=\"https:\/\/reiten-mit-koepfchen.de\/?page_id=387\" \/>\n<meta property=\"og:locale\" content=\"de_DE\" \/>\n<meta property=\"og:type\" content=\"article\" \/>\n<meta property=\"og:title\" content=\"Longieren - Impulse f\u00fcr besseres Reiten\" \/>\n<meta property=\"og:description\" content=\"Longieren Die Grundtechniken des Longierens sollte jeder Reiter beherrschen, sowie die Wirkungsweise unterschiedlichster Ausr\u00fcstung. Die Kommunikation mit dem Pferd vom Boden oder [&hellip;]\" \/>\n<meta property=\"og:url\" content=\"https:\/\/reiten-mit-koepfchen.de\/?page_id=387\" \/>\n<meta property=\"og:site_name\" content=\"Impulse f\u00fcr besseres Reiten\" \/>\n<meta property=\"article:modified_time\" content=\"2024-02-08T16:48:04+00:00\" \/>\n<meta property=\"og:image\" content=\"https:\/\/reiten-mit-koepfchen.de\/staging\/wp-content\/uploads\/2023\/07\/logo-ementhaler-1.svg\" \/>\n<meta name=\"twitter:card\" content=\"summary_large_image\" \/>\n<meta name=\"twitter:label1\" content=\"Gesch\u00e4tzte Lesezeit\" \/>\n\t<meta name=\"twitter:data1\" content=\"1\u00a0Minute\" \/>\n<script type=\"application\/ld+json\" class=\"yoast-schema-graph\">{\"@context\":\"https:\/\/schema.org\",\"@graph\":[{\"@type\":\"WebPage\",\"@id\":\"https:\/\/reiten-mit-koepfchen.de\/?page_id=387\",\"url\":\"https:\/\/reiten-mit-koepfchen.de\/?page_id=387\",\"name\":\"Longieren - Impulse f\u00fcr besseres Reiten\",\"isPartOf\":{\"@id\":\"https:\/\/reiten-mit-koepfchen.de\/#website\"},\"primaryImageOfPage\":{\"@id\":\"https:\/\/reiten-mit-koepfchen.de\/?page_id=387#primaryimage\"},\"image\":{\"@id\":\"https:\/\/reiten-mit-koepfchen.de\/?page_id=387#primaryimage\"},\"thumbnailUrl\":\"https:\/\/reiten-mit-koepfchen.de\/staging\/wp-content\/uploads\/2023\/07\/logo-ementhaler-1.svg\",\"datePublished\":\"2023-07-24T16:02:00+00:00\",\"dateModified\":\"2024-02-08T16:48:04+00:00\",\"breadcrumb\":{\"@id\":\"https:\/\/reiten-mit-koepfchen.de\/?page_id=387#breadcrumb\"},\"inLanguage\":\"de\",\"potentialAction\":[{\"@type\":\"ReadAction\",\"target\":[\"https:\/\/reiten-mit-koepfchen.de\/?page_id=387\"]}]},{\"@type\":\"ImageObject\",\"inLanguage\":\"de\",\"@id\":\"https:\/\/reiten-mit-koepfchen.de\/?page_id=387#primaryimage\",\"url\":\"https:\/\/reiten-mit-koepfchen.de\/wp-content\/uploads\/2023\/07\/logo-ementhaler-1.svg\",\"contentUrl\":\"https:\/\/reiten-mit-koepfchen.de\/wp-content\/uploads\/2023\/07\/logo-ementhaler-1.svg\",\"width\":1000,\"height\":486},{\"@type\":\"BreadcrumbList\",\"@id\":\"https:\/\/reiten-mit-koepfchen.de\/?page_id=387#breadcrumb\",\"itemListElement\":[{\"@type\":\"ListItem\",\"position\":1,\"name\":\"Home\",\"item\":\"https:\/\/reiten-mit-koepfchen.de\/\"},{\"@type\":\"ListItem\",\"position\":2,\"name\":\"Zur Person\",\"item\":\"https:\/\/reiten-mit-koepfchen.de\/?page_id=101\"},{\"@type\":\"ListItem\",\"position\":3,\"name\":\"Leistungsspektrum\",\"item\":\"https:\/\/reiten-mit-koepfchen.de\/?page_id=371\"},{\"@type\":\"ListItem\",\"position\":4,\"name\":\"Longieren\"}]},{\"@type\":\"WebSite\",\"@id\":\"https:\/\/reiten-mit-koepfchen.de\/#website\",\"url\":\"https:\/\/reiten-mit-koepfchen.de\/\",\"name\":\"Impulse f\u00fcr besseres Reiten\",\"description\":\"\",\"publisher\":{\"@id\":\"https:\/\/reiten-mit-koepfchen.de\/#organization\"},\"potentialAction\":[{\"@type\":\"SearchAction\",\"target\":{\"@type\":\"EntryPoint\",\"urlTemplate\":\"https:\/\/reiten-mit-koepfchen.de\/?s={search_term_string}\"},\"query-input\":{\"@type\":\"PropertyValueSpecification\",\"valueRequired\":true,\"valueName\":\"search_term_string\"}}],\"inLanguage\":\"de\"},{\"@type\":\"Organization\",\"@id\":\"https:\/\/reiten-mit-koepfchen.de\/#organization\",\"name\":\"Impulse f\u00fcr besseres Reiten\",\"url\":\"https:\/\/reiten-mit-koepfchen.de\/\",\"logo\":{\"@type\":\"ImageObject\",\"inLanguage\":\"de\",\"@id\":\"https:\/\/reiten-mit-koepfchen.de\/#\/schema\/logo\/image\/\",\"url\":\"https:\/\/reiten-mit-koepfchen.de\/wp-content\/uploads\/2024\/02\/logo-reiten_final_trans3.png\",\"contentUrl\":\"https:\/\/reiten-mit-koepfchen.de\/wp-content\/uploads\/2024\/02\/logo-reiten_final_trans3.png\",\"width\":1000,\"height\":484,\"caption\":\"Impulse f\u00fcr besseres Reiten\"},\"image\":{\"@id\":\"https:\/\/reiten-mit-koepfchen.de\/#\/schema\/logo\/image\/\"}}]}<\/script>\n<!-- \/ Yoast SEO plugin. -->","yoast_head_json":{"title":"Longieren - Impulse f\u00fcr besseres Reiten","robots":{"index":"index","follow":"follow","max-snippet":"max-snippet:-1","max-image-preview":"max-image-preview:large","max-video-preview":"max-video-preview:-1"},"canonical":"https:\/\/reiten-mit-koepfchen.de\/?page_id=387","og_locale":"de_DE","og_type":"article","og_title":"Longieren - Impulse f\u00fcr besseres Reiten","og_description":"Longieren Die Grundtechniken des Longierens sollte jeder Reiter beherrschen, sowie die Wirkungsweise unterschiedlichster Ausr\u00fcstung. Die Kommunikation mit dem Pferd vom Boden oder [&hellip;]","og_url":"https:\/\/reiten-mit-koepfchen.de\/?page_id=387","og_site_name":"Impulse f\u00fcr besseres Reiten","article_modified_time":"2024-02-08T16:48:04+00:00","og_image":[{"url":"https:\/\/reiten-mit-koepfchen.de\/staging\/wp-content\/uploads\/2023\/07\/logo-ementhaler-1.svg","type":"","width":"","height":""}],"twitter_card":"summary_large_image","twitter_misc":{"Gesch\u00e4tzte Lesezeit":"1\u00a0Minute"},"schema":{"@context":"https:\/\/schema.org","@graph":[{"@type":"WebPage","@id":"https:\/\/reiten-mit-koepfchen.de\/?page_id=387","url":"https:\/\/reiten-mit-koepfchen.de\/?page_id=387","name":"Longieren - Impulse f\u00fcr besseres Reiten","isPartOf":{"@id":"https:\/\/reiten-mit-koepfchen.de\/#website"},"primaryImageOfPage":{"@id":"https:\/\/reiten-mit-koepfchen.de\/?page_id=387#primaryimage"},"image":{"@id":"https:\/\/reiten-mit-koepfchen.de\/?page_id=387#primaryimage"},"thumbnailUrl":"https:\/\/reiten-mit-koepfchen.de\/staging\/wp-content\/uploads\/2023\/07\/logo-ementhaler-1.svg","datePublished":"2023-07-24T16:02:00+00:00","dateModified":"2024-02-08T16:48:04+00:00","breadcrumb":{"@id":"https:\/\/reiten-mit-koepfchen.de\/?page_id=387#breadcrumb"},"inLanguage":"de","potentialAction":[{"@type":"ReadAction","target":["https:\/\/reiten-mit-koepfchen.de\/?page_id=387"]}]},{"@type":"ImageObject","inLanguage":"de","@id":"https:\/\/reiten-mit-koepfchen.de\/?page_id=387#primaryimage","url":"https:\/\/reiten-mit-koepfchen.de\/wp-content\/uploads\/2023\/07\/logo-ementhaler-1.svg","contentUrl":"https:\/\/reiten-mit-koepfchen.de\/wp-content\/uploads\/2023\/07\/logo-ementhaler-1.svg","width":1000,"height":486},{"@type":"BreadcrumbList","@id":"https:\/\/reiten-mit-koepfchen.de\/?page_id=387#breadcrumb","itemListElement":[{"@type":"ListItem","position":1,"name":"Home","item":"https:\/\/reiten-mit-koepfchen.de\/"},{"@type":"ListItem","position":2,"name":"Zur Person","item":"https:\/\/reiten-mit-koepfchen.de\/?page_id=101"},{"@type":"ListItem","position":3,"name":"Leistungsspektrum","item":"https:\/\/reiten-mit-koepfchen.de\/?page_id=371"},{"@type":"ListItem","position":4,"name":"Longieren"}]},{"@type":"WebSite","@id":"https:\/\/reiten-mit-koepfchen.de\/#website","url":"https:\/\/reiten-mit-koepfchen.de\/","name":"Impulse f\u00fcr besseres Reiten","description":"","publisher":{"@id":"https:\/\/reiten-mit-koepfchen.de\/#organization"},"potentialAction":[{"@type":"SearchAction","target":{"@type":"EntryPoint","urlTemplate":"https:\/\/reiten-mit-koepfchen.de\/?s={search_term_string}"},"query-input":{"@type":"PropertyValueSpecification","valueRequired":true,"valueName":"search_term_string"}}],"inLanguage":"de"},{"@type":"Organization","@id":"https:\/\/reiten-mit-koepfchen.de\/#organization","name":"Impulse f\u00fcr besseres Reiten","url":"https:\/\/reiten-mit-koepfchen.de\/","logo":{"@type":"ImageObject","inLanguage":"de","@id":"https:\/\/reiten-mit-koepfchen.de\/#\/schema\/logo\/image\/","url":"https:\/\/reiten-mit-koepfchen.de\/wp-content\/uploads\/2024\/02\/logo-reiten_final_trans3.png","contentUrl":"https:\/\/reiten-mit-koepfchen.de\/wp-content\/uploads\/2024\/02\/logo-reiten_final_trans3.png","width":1000,"height":484,"caption":"Impulse f\u00fcr besseres Reiten"},"image":{"@id":"https:\/\/reiten-mit-koepfchen.de\/#\/schema\/logo\/image\/"}}]}},"jetpack_sharing_enabled":true,"_links":{"self":[{"href":"https:\/\/reiten-mit-koepfchen.de\/index.php?rest_route=\/wp\/v2\/pages\/387","targetHints":{"allow":["GET"]}}],"collection":[{"href":"https:\/\/reiten-mit-koepfchen.de\/index.php?rest_route=\/wp\/v2\/pages"}],"about":[{"href":"https:\/\/reiten-mit-koepfchen.de\/index.php?rest_route=\/wp\/v2\/types\/page"}],"author":[{"embeddable":true,"href":"https:\/\/reiten-mit-koepfchen.de\/index.php?rest_route=\/wp\/v2\/users\/1"}],"replies":[{"embeddable":true,"href":"https:\/\/reiten-mit-koepfchen.de\/index.php?rest_route=%2Fwp%2Fv2%2Fcomments&post=387"}],"version-history":[{"count":20,"href":"https:\/\/reiten-mit-koepfchen.de\/index.php?rest_route=\/wp\/v2\/pages\/387\/revisions"}],"predecessor-version":[{"id":2171,"href":"https:\/\/reiten-mit-koepfchen.de\/index.php?rest_route=\/wp\/v2\/pages\/387\/revisions\/2171"}],"up":[{"embeddable":true,"href":"https:\/\/reiten-mit-koepfchen.de\/index.php?rest_route=\/wp\/v2\/pages\/371"}],"wp:attachment":[{"href":"https:\/\/reiten-mit-koepfchen.de\/index.php?rest_route=%2Fwp%2Fv2%2Fmedia&parent=387"}],"curies":[{"name":"wp","href":"https:\/\/api.w.org\/{rel}","templated":true}]}}